{"id":3,"date":"2023-05-18T22:34:39","date_gmt":"2023-05-18T20:34:39","guid":{"rendered":"http:\/\/cosycatshotel.fr\/?page_id=3"},"modified":"2023-09-26T15:37:07","modified_gmt":"2023-09-26T13:37:07","slug":"mentions-legales","status":"publish","type":"page","link":"https:\/\/cosycatshotel.fr\/index.php\/mentions-legales\/","title":{"rendered":"Mentions l\u00e9gales &#038; Politique de confidentialit\u00e9"},"content":{"rendered":"\t\t<div data-elementor-type=\"wp-page\" data-elementor-id=\"3\" class=\"elementor elementor-3\" data-elementor-post-type=\"page\">\n\t\t\t\t\t\t\t\t\t<section class=\"elementor-section elementor-top-section elementor-element elementor-element-8604042 elementor-section-full_width elementor-section-height-default elementor-section-height-default\" data-id=\"8604042\" data-element_type=\"section\">\n\t\t\t\t\t\t<div class=\"elementor-container elementor-column-gap-default\">\n\t\t\t\t\t<div class=\"elementor-column elementor-col-100 elementor-top-column elementor-element elementor-element-fefc90c\" data-id=\"fefc90c\" data-element_type=\"column\">\n\t\t\t<div class=\"elementor-widget-wrap elementor-element-populated\">\n\t\t\t\t\t\t\t\t<div class=\"elementor-element elementor-element-441343a elementor-widget elementor-widget-image\" data-id=\"441343a\" data-element_type=\"widget\" data-widget_type=\"image.default\">\n\t\t\t\t<div class=\"elementor-widget-container\">\n\t\t\t<style>\/*! elementor - v3.14.0 - 26-06-2023 *\/\n.elementor-widget-image{text-align:center}.elementor-widget-image a{display:inline-block}.elementor-widget-image a img[src$=\".svg\"]{width:48px}.elementor-widget-image img{vertical-align:middle;display:inline-block}<\/style>\t\t\t\t\t\t\t\t\t\t\t\t<img decoding=\"async\" width=\"800\" height=\"663\" src=\"https:\/\/cosycatshotel.fr\/wp-content\/uploads\/2023\/07\/cat-g4c3b33db9_1920-1024x849.jpg\" class=\"attachment-large size-large wp-image-1380\" alt=\"chat yeux jaunes\" loading=\"lazy\" srcset=\"https:\/\/cosycatshotel.fr\/wp-content\/uploads\/2023\/07\/cat-g4c3b33db9_1920-1024x849.jpg 1024w, https:\/\/cosycatshotel.fr\/wp-content\/uploads\/2023\/07\/cat-g4c3b33db9_1920-300x249.jpg 300w, https:\/\/cosycatshotel.fr\/wp-content\/uploads\/2023\/07\/cat-g4c3b33db9_1920-768x637.jpg 768w, https:\/\/cosycatshotel.fr\/wp-content\/uploads\/2023\/07\/cat-g4c3b33db9_1920-1536x1273.jpg 1536w, https:\/\/cosycatshotel.fr\/wp-content\/uploads\/2023\/07\/cat-g4c3b33db9_1920.jpg 1591w\" sizes=\"(max-width: 800px) 100vw, 800px\" \/>\t\t\t\t\t\t\t\t\t\t\t\t\t\t\t<\/div>\n\t\t\t\t<\/div>\n\t\t\t\t<div class=\"elementor-element elementor-element-8f8a36f elementor-widget elementor-widget-heading\" data-id=\"8f8a36f\" data-element_type=\"widget\" data-widget_type=\"heading.default\">\n\t\t\t\t<div class=\"elementor-widget-container\">\n\t\t\t<style>\/*! elementor - v3.14.0 - 26-06-2023 *\/\n.elementor-heading-title{padding:0;margin:0;line-height:1}.elementor-widget-heading .elementor-heading-title[class*=elementor-size-]>a{color:inherit;font-size:inherit;line-height:inherit}.elementor-widget-heading .elementor-heading-title.elementor-size-small{font-size:15px}.elementor-widget-heading .elementor-heading-title.elementor-size-medium{font-size:19px}.elementor-widget-heading .elementor-heading-title.elementor-size-large{font-size:29px}.elementor-widget-heading .elementor-heading-title.elementor-size-xl{font-size:39px}.elementor-widget-heading .elementor-heading-title.elementor-size-xxl{font-size:59px}<\/style><h2 class=\"elementor-heading-title elementor-size-default\">Pour \u00eatre conforme au RGPD<\/h2>\t\t<\/div>\n\t\t\t\t<\/div>\n\t\t\t\t<div class=\"elementor-element elementor-element-8ea5789 elementor-widget elementor-widget-heading\" data-id=\"8ea5789\" data-element_type=\"widget\" data-widget_type=\"heading.default\">\n\t\t\t\t<div class=\"elementor-widget-container\">\n\t\t\t<h2 class=\"elementor-heading-title elementor-size-default\">Mentions l\u00e9gales<\/h2>\t\t<\/div>\n\t\t\t\t<\/div>\n\t\t\t\t<div class=\"elementor-element elementor-element-663e769 elementor-widget elementor-widget-heading\" data-id=\"663e769\" data-element_type=\"widget\" data-widget_type=\"heading.default\">\n\t\t\t\t<div class=\"elementor-widget-container\">\n\t\t\t<h2 class=\"elementor-heading-title elementor-size-default\">\u00c9diteur<\/h2>\t\t<\/div>\n\t\t\t\t<\/div>\n\t\t\t\t<div class=\"elementor-element elementor-element-29180ae elementor-widget elementor-widget-text-editor\" data-id=\"29180ae\" data-element_type=\"widget\" data-widget_type=\"text-editor.default\">\n\t\t\t\t<div class=\"elementor-widget-container\">\n\t\t\t<style>\/*! elementor - v3.14.0 - 26-06-2023 *\/\n.elementor-widget-text-editor.elementor-drop-cap-view-stacked .elementor-drop-cap{background-color:#69727d;color:#fff}.elementor-widget-text-editor.elementor-drop-cap-view-framed .elementor-drop-cap{color:#69727d;border:3px solid;background-color:transparent}.elementor-widget-text-editor:not(.elementor-drop-cap-view-default) .elementor-drop-cap{margin-top:8px}.elementor-widget-text-editor:not(.elementor-drop-cap-view-default) .elementor-drop-cap-letter{width:1em;height:1em}.elementor-widget-text-editor .elementor-drop-cap{float:left;text-align:center;line-height:1;font-size:50px}.elementor-widget-text-editor .elementor-drop-cap-letter{display:inline-block}<\/style>\t\t\t\t<p>Cosy cats Hotel <br \/>15 Rue de la Croix de Pierre, <br \/>27630 Heub\u00e9court-Haricourt <br \/>fred@cosycatshotel.fr <br \/>06 07 56 20 71 <br \/><br \/>L\u2019adresse du site web : https:\/\/cosycatshotel.fr\/ <br \/><br \/>Responsable de publication : Fr\u00e9d\u00e9ric Auclair<\/p>\t\t\t\t\t\t<\/div>\n\t\t\t\t<\/div>\n\t\t\t\t<div class=\"elementor-element elementor-element-5119cb6 elementor-widget elementor-widget-heading\" data-id=\"5119cb6\" data-element_type=\"widget\" data-widget_type=\"heading.default\">\n\t\t\t\t<div class=\"elementor-widget-container\">\n\t\t\t<h2 class=\"elementor-heading-title elementor-size-default\">R\u00e9alisation<\/h2>\t\t<\/div>\n\t\t\t\t<\/div>\n\t\t\t\t<div class=\"elementor-element elementor-element-5b3e666 elementor-widget elementor-widget-text-editor\" data-id=\"5b3e666\" data-element_type=\"widget\" data-widget_type=\"text-editor.default\">\n\t\t\t\t<div class=\"elementor-widget-container\">\n\t\t\t\t\t\t\t<p>Conception du site, cr\u00e9ation graphique, coordination et accompagnement r\u00e9dactionnel : Marianne Astier pour Studio Oktogon<\/p>\t\t\t\t\t\t<\/div>\n\t\t\t\t<\/div>\n\t\t\t\t<div class=\"elementor-element elementor-element-59820b1 elementor-widget elementor-widget-heading\" data-id=\"59820b1\" data-element_type=\"widget\" data-widget_type=\"heading.default\">\n\t\t\t\t<div class=\"elementor-widget-container\">\n\t\t\t<h2 class=\"elementor-heading-title elementor-size-default\">H\u00e9bergement\n<\/h2>\t\t<\/div>\n\t\t\t\t<\/div>\n\t\t\t\t<div class=\"elementor-element elementor-element-e217755 elementor-widget elementor-widget-text-editor\" data-id=\"e217755\" data-element_type=\"widget\" data-widget_type=\"text-editor.default\">\n\t\t\t\t<div class=\"elementor-widget-container\">\n\t\t\t\t\t\t\t<p>Site h\u00e9berg\u00e9 chez : Hostinger <br \/>https:\/\/www.hostinger.fr\/<br \t\t\t\t\t\t<\/div>\n\t\t\t\t<\/div>\n\t\t\t\t<div class=\"elementor-element elementor-element-13c228b elementor-widget elementor-widget-heading\" data-id=\"13c228b\" data-element_type=\"widget\" data-widget_type=\"heading.default\">\n\t\t\t\t<div class=\"elementor-widget-container\">\n\t\t\t<h2 class=\"elementor-heading-title elementor-size-default\">Propri\u00e9t\u00e9 intellectuelle<\/h2>\t\t<\/div>\n\t\t\t\t<\/div>\n\t\t\t\t<div class=\"elementor-element elementor-element-59e90d3 elementor-widget elementor-widget-text-editor\" data-id=\"59e90d3\" data-element_type=\"widget\" data-widget_type=\"text-editor.default\">\n\t\t\t\t<div class=\"elementor-widget-container\">\n\t\t\t\t\t\t\t<p>Les contenus du site cosycatshotel.fr sont prot\u00e9g\u00e9s par le droit d\u2019auteur. Toute repr\u00e9sentation, reproduction, traduction, adaptation ou transformation, int\u00e9grale ou partielle, r\u00e9alis\u00e9e ill\u00e9galement et sans le consentement de\u00a0<span style=\"letter-spacing: 0.9px;\">cosycatshotel.fr<\/span>\u00a0ou de ses ayants droit ou ayants cause constitue une violation des Livres I et III du Code de la propri\u00e9t\u00e9 intellectuelle et sera susceptible de donner lieu \u00e0 des poursuites judiciaires pour contrefa\u00e7on.<\/p>\t\t\t\t\t\t<\/div>\n\t\t\t\t<\/div>\n\t\t\t\t<div class=\"elementor-element elementor-element-353dbcd elementor-widget elementor-widget-heading\" data-id=\"353dbcd\" data-element_type=\"widget\" data-widget_type=\"heading.default\">\n\t\t\t\t<div class=\"elementor-widget-container\">\n\t\t\t<h2 class=\"elementor-heading-title elementor-size-default\">Pour \u00eatre conforme au RGPD<\/h2>\t\t<\/div>\n\t\t\t\t<\/div>\n\t\t\t\t<div class=\"elementor-element elementor-element-8ba2993 elementor-widget elementor-widget-heading\" data-id=\"8ba2993\" data-element_type=\"widget\" data-widget_type=\"heading.default\">\n\t\t\t\t<div class=\"elementor-widget-container\">\n\t\t\t<h2 class=\"elementor-heading-title elementor-size-default\">Politique de confidentialit\u00e9<\/h2>\t\t<\/div>\n\t\t\t\t<\/div>\n\t\t\t\t<div class=\"elementor-element elementor-element-56cea34 elementor-widget elementor-widget-heading\" data-id=\"56cea34\" data-element_type=\"widget\" data-widget_type=\"heading.default\">\n\t\t\t\t<div class=\"elementor-widget-container\">\n\t\t\t<h2 class=\"elementor-heading-title elementor-size-default\">Exercice de vos droits\n<\/h2>\t\t<\/div>\n\t\t\t\t<\/div>\n\t\t\t\t<div class=\"elementor-element elementor-element-b80bc22 elementor-widget elementor-widget-text-editor\" data-id=\"b80bc22\" data-element_type=\"widget\" data-widget_type=\"text-editor.default\">\n\t\t\t\t<div class=\"elementor-widget-container\">\n\t\t\t\t\t\t\t<p>cosycatshotel.fr\u00a0attache une grande importance aux droits et libert\u00e9s des personnes. Tout nos traitements sont mis en conformit\u00e9 vis-\u00e0-vis du r\u00e8glement et de la loi Informatique et Libert\u00e9s.<\/p>\n<p>Pour toutes vos donn\u00e9es, benedictins-solignac.com s\u2019engage \u00e0 :<\/p>\n<ul class=\"lte-list\">\n<li>les traiter de mani\u00e8re l\u00e9gale tout en respectant vos int\u00e9r\u00eats, droits et libert\u00e9s ;<\/li>\n<li>limiter au strict n\u00e9cessaire les donn\u00e9es collect\u00e9es ;<\/li>\n<li>collecter vos donn\u00e9es pour des finalit\u00e9s d\u00e9termin\u00e9es pr\u00e9alablement et l\u00e9gitimes. Ne pas traiter ult\u00e9rieurement vos donn\u00e9es d\u2019une mani\u00e8re incompatible avec ces finalit\u00e9s. En cas de nouvelles finalit\u00e9s, benedictins-solignac.com s\u2019engage \u00e0 obtenir votre consentement ;<\/li>\n<li>limiter au maximum la dur\u00e9e de conservation de vos donn\u00e9es. Cette dur\u00e9e n\u2019exc\u00e8de pas celle n\u00e9cessaire aux besoins des traitements et peut \u00eatre prolong\u00e9e par des obligations l\u00e9gales.<\/li>\n<li>assurer la s\u00e9curit\u00e9 des donn\u00e9es et des traitements ;<\/li>\n<li>vous informer de vos droits et de ce que benedictins-solignac.com fait de vos donn\u00e9es ;<\/li>\n<li>\u00e0 mettre en \u0153uvre tous ses moyens pour vous permettre d\u2019exercer vos droits d\u2019acc\u00e8s, de rectification, d\u2019effacement, de limitation (suspension temporaire du traitement), de portabilit\u00e9 et d\u2019opposition.<\/li>\n<\/ul>\t\t\t\t\t\t<\/div>\n\t\t\t\t<\/div>\n\t\t\t\t<div class=\"elementor-element elementor-element-f34a711 elementor-widget elementor-widget-heading\" data-id=\"f34a711\" data-element_type=\"widget\" data-widget_type=\"heading.default\">\n\t\t\t\t<div class=\"elementor-widget-container\">\n\t\t\t<h2 class=\"elementor-heading-title elementor-size-default\">Vos donn\u00e9es\n<\/h2>\t\t<\/div>\n\t\t\t\t<\/div>\n\t\t\t\t<div class=\"elementor-element elementor-element-b919633 elementor-widget elementor-widget-text-editor\" data-id=\"b919633\" data-element_type=\"widget\" data-widget_type=\"text-editor.default\">\n\t\t\t\t<div class=\"elementor-widget-container\">\n\t\t\t\t\t\t\tPour toute information sur les traitements de donn\u00e9es personnelles g\u00e9r\u00e9s par benedictins-solignac.com ou tout exercice de vos droits d\u2019acc\u00e8s aux donn\u00e9es, de rectification, d\u2019effacement, de limitation, de portabilit\u00e9, d\u2019opposition ou pour nous donner vos directives concernant le sort de vos donn\u00e9es apr\u00e8s votre d\u00e9c\u00e8s, vous pouvez nous contacter :\n<br><br>\n\nDirectement par mail \u00e0:  fred@cosycatshotel.fr <br>\n\nou par courrier \u00e0 l\u2019adresse suivante :\nCosy Cats Hotel\n15 Rue de la Croix de Pierre, Heub\u00e9court-Haricourt\n<br>\n<br>\n\n\nToute demande doit \u00eatre accompagn\u00e9e d\u2019un justificatif d\u2019identit\u00e9. Compte tenu du caract\u00e8re particulier de certaines donn\u00e9es, cosycatshotel.fr se r\u00e9serve le droit, en application de l\u2019article 77 du d\u00e9cret n\u00b0 2019-536 du 29 mai 2019 pris pour application de la Loi Informatique et Libert\u00e9 et si n\u00e9cessaire, de demander des compl\u00e9ments d\u2019information pour s\u2019assurer que l\u2019identit\u00e9 du demandeur correspond bien \u00e0 la personne dont nous traitons les donn\u00e9es.<br>\n<br>\n\n\nToute demande fera l\u2019objet d\u2019une r\u00e9ponse dans le d\u00e9lai l\u00e9gal d\u2019un mois, soit pour satisfaire votre demande, soit pour vous informer du motif justifiant la prolongation du d\u00e9lai de deux mois.\n<br>\n<br>\n\nVous disposez \u00e9galement du droit d\u2019introduire une r\u00e9clamation aupr\u00e8s de la CNIL.\n\n \n\n \t\t\t\t\t\t<\/div>\n\t\t\t\t<\/div>\n\t\t\t\t<div class=\"elementor-element elementor-element-6315a4f elementor-widget elementor-widget-heading\" data-id=\"6315a4f\" data-element_type=\"widget\" data-widget_type=\"heading.default\">\n\t\t\t\t<div class=\"elementor-widget-container\">\n\t\t\t<h2 class=\"elementor-heading-title elementor-size-default\">Cookies<\/h2>\t\t<\/div>\n\t\t\t\t<\/div>\n\t\t\t\t<div class=\"elementor-element elementor-element-bbc3877 elementor-widget elementor-widget-text-editor\" data-id=\"bbc3877\" data-element_type=\"widget\" data-widget_type=\"text-editor.default\">\n\t\t\t\t<div class=\"elementor-widget-container\">\n\t\t\t\t\t\t\t<p>Un \u00ab\u2009cookie\u2009\u00bb est un fichier d\u2019informations de petite taille, qui peut \u00eatre transmis \u00e0 votre navigateur par notre site web lorsque vous vous connectez. Votre navigateur web le conservera pendant une certaine dur\u00e9e, et le renverra \u00e0 notre serveur web chaque fois que vous vous y connecterez. Nos cookies peuvent servir \u00e0 m\u00e9moriser votre identifiant, de tracer votre navigation pour des finalit\u00e9s statistiques, d\u2019am\u00e9liorer votre navigation sur le site, etc.<\/p>\n<p>Liste des cookies utilis\u00e9s (mise \u00e0 jour 2023) :<\/p>\n<ul class=\"lte-list\">\n<li>Google Analytics : les services de mesure d\u2019audience permettent de g\u00e9n\u00e9rer des statistiques de fr\u00e9quentation utiles \u00e0 l\u2019am\u00e9lioration du site.<\/li>\n<\/ul>\t\t\t\t\t\t<\/div>\n\t\t\t\t<\/div>\n\t\t\t\t\t<\/div>\n\t\t<\/div>\n\t\t\t\t\t\t\t<\/div>\n\t\t<\/section>\n\t\t\t\t\t\t\t<\/div>\n\t\t","protected":false},"excerpt":{"rendered":"<p>Pour \u00eatre conforme au RGPD Mentions l\u00e9gales \u00c9diteur Cosy cats Hotel 15 Rue de la Croix de Pierre, 27630 Heub\u00e9court-Haricourt fred@cosycatshotel.fr 06 07 56 20 71 L\u2019adresse du site web : https:\/\/cosycatshotel.fr\/ Responsable de publication : Fr\u00e9d\u00e9ric Auclair R\u00e9alisation Conception du site, cr\u00e9ation graphique, coordination et accompagnement r\u00e9dactionnel : Marianne Astier pour Studio Oktogon H\u00e9bergement [&hellip;]<\/p>\n","protected":false},"author":1,"featured_media":0,"parent":0,"menu_order":0,"comment_status":"closed","ping_status":"open","template":"","meta":{"_monsterinsights_skip_tracking":false,"_monsterinsights_sitenote_active":false,"_monsterinsights_sitenote_note":"","_monsterinsights_sitenote_category":0},"aioseo_notices":[],"_links":{"self":[{"href":"https:\/\/cosycatshotel.fr\/index.php\/wp-json\/wp\/v2\/pages\/3"}],"collection":[{"href":"https:\/\/cosycatshotel.fr\/index.php\/wp-json\/wp\/v2\/pages"}],"about":[{"href":"https:\/\/cosycatshotel.fr\/index.php\/wp-json\/wp\/v2\/types\/page"}],"author":[{"embeddable":true,"href":"https:\/\/cosycatshotel.fr\/index.php\/wp-json\/wp\/v2\/users\/1"}],"replies":[{"embeddable":true,"href":"https:\/\/cosycatshotel.fr\/index.php\/wp-json\/wp\/v2\/comments?post=3"}],"version-history":[{"count":119,"href":"https:\/\/cosycatshotel.fr\/index.php\/wp-json\/wp\/v2\/pages\/3\/revisions"}],"predecessor-version":[{"id":2157,"href":"https:\/\/cosycatshotel.fr\/index.php\/wp-json\/wp\/v2\/pages\/3\/revisions\/2157"}],"wp:attachment":[{"href":"https:\/\/cosycatshotel.fr\/index.php\/wp-json\/wp\/v2\/media?parent=3"}],"curies":[{"name":"wp","href":"https:\/\/api.w.org\/{rel}","templated":true}]}}